{"id":5035,"date":"2025-11-09T01:19:03","date_gmt":"2025-11-09T01:19:03","guid":{"rendered":"https:\/\/wemr1982.store\/carrito\/"},"modified":"2025-11-21T12:09:38","modified_gmt":"2025-11-21T17:09:38","slug":"carrito","status":"publish","type":"page","link":"https:\/\/grupo30.com\/en\/carrito\/","title":{"rendered":"Carrito"},"content":{"rendered":"<div data-block-name=\"woocommerce\/cart\" class=\"wp-block-woocommerce-cart alignwide is-loading\">\n<div data-block-name=\"woocommerce\/filled-cart-block\" class=\"wp-block-woocommerce-filled-cart-block\">\n<div data-block-name=\"woocommerce\/cart-items-block\" class=\"wp-block-woocommerce-cart-items-block\">\n<div data-block-name=\"woocommerce\/cart-line-items-block\" class=\"wp-block-woocommerce-cart-line-items-block\"><\/div>\n\n\n<\/div>\n\n\n\n\n<div data-block-name=\"woocommerce\/cart-totals-block\" class=\"wp-block-woocommerce-cart-totals-block\">\n<div data-block-name=\"woocommerce\/cart-order-summary-block\" class=\"wp-block-woocommerce-cart-order-summary-block\">\n<div data-block-name=\"woocommerce\/cart-order-summary-heading-block\" class=\"wp-block-woocommerce-cart-order-summary-heading-block\"><\/div><div data-block-name=\"woocommerce\/cart-order-summary-coupon-form-block\" class=\"wp-block-woocommerce-cart-order-summary-coupon-form-block\"><\/div><div data-block-name=\"woocommerce\/cart-order-summary-totals-block\" class=\"wp-block-woocommerce-cart-order-summary-totals-block\">\n<div data-block-name=\"woocommerce\/cart-order-summary-subtotal-block\" class=\"wp-block-woocommerce-cart-order-summary-subtotal-block\"><\/div>\n<div data-block-name=\"woocommerce\/cart-order-summary-discount-block\" class=\"wp-block-woocommerce-cart-order-summary-discount-block\"><\/div>\n<div data-block-name=\"woocommerce\/cart-order-summary-fee-block\" class=\"wp-block-woocommerce-cart-order-summary-fee-block\"><\/div>\n<div data-block-name=\"woocommerce\/cart-order-summary-shipping-block\" class=\"wp-block-woocommerce-cart-order-summary-shipping-block\"><\/div>\n<div data-block-name=\"woocommerce\/cart-order-summary-taxes-block\" class=\"wp-block-woocommerce-cart-order-summary-taxes-block\"><\/div><\/div>\n<\/div>\n\n\n\n<div data-block-name=\"woocommerce\/cart-express-payment-block\" class=\"wp-block-woocommerce-cart-express-payment-block\"><\/div>\n\n\n\n<div data-block-name=\"woocommerce\/proceed-to-checkout-block\" class=\"wp-block-woocommerce-proceed-to-checkout-block\"><\/div>\n\n\n\n<div data-block-name=\"woocommerce\/cart-accepted-payment-methods-block\" class=\"wp-block-woocommerce-cart-accepted-payment-methods-block\"><\/div>\n<\/div>\n<\/div>\n\n\n\n<div data-block-name=\"woocommerce\/empty-cart-block\" class=\"wp-block-woocommerce-empty-cart-block\">\n<h2 class=\"wp-block-heading has-text-align-center with-empty-cart-icon wc-block-cart__empty-cart__title\">\u00a1Tu carrito est\u00e1 actualmente vac\u00edo!<\/h2>\n\n\n\n<hr class=\"wp-block-separator has-alpha-channel-opacity is-style-dots\"\/>\n\n\n\n<h2 class=\"wp-block-heading has-text-align-center\">Nuevo en la tienda<\/h2>\n\n\n<\/div>\n<\/div>","protected":false},"excerpt":{"rendered":"","protected":false},"author":1,"featured_media":0,"parent":0,"menu_order":0,"comment_status":"closed","ping_status":"closed","template":"","meta":{"_acf_changed":false,"footnotes":""},"class_list":["post-5035","page","type-page","status-publish","hentry"],"acf":[],"yoast_head":"<!-- This site is optimized with the Yoast SEO Premium plugin v26.9 (Yoast SEO v26.9) - https:\/\/yoast.com\/product\/yoast-seo-premium-wordpress\/ -->\n<title>Carrito - Grupo30<\/title>\n<meta name=\"robots\" content=\"index, follow, max-snippet:-1, max-image-preview:large, max-video-preview:-1\" \/>\n<link rel=\"canonical\" href=\"https:\/\/grupo30.com\/en\/carrito\/\" \/>\n<meta property=\"og:locale\" content=\"en_US\" \/>\n<meta property=\"og:type\" content=\"article\" \/>\n<meta property=\"og:title\" content=\"Carrito\" \/>\n<meta property=\"og:url\" content=\"https:\/\/grupo30.com\/en\/carrito\/\" \/>\n<meta property=\"og:site_name\" content=\"Grupo30\" \/>\n<meta property=\"article:modified_time\" content=\"2025-11-21T17:09:38+00:00\" \/>\n<meta property=\"og:image\" content=\"https:\/\/grupo30.com\/sitio\/wp-content\/uploads\/2025\/10\/atractiva-mujer-rizada-on-puntos-de-puente-rayas-un-lado-en-el-espacio-en-blanco-scaled.jpg\" \/>\n\t<meta property=\"og:image:width\" content=\"2560\" \/>\n\t<meta property=\"og:image:height\" content=\"1707\" \/>\n\t<meta property=\"og:image:type\" content=\"image\/jpeg\" \/>\n<meta name=\"twitter:card\" content=\"summary_large_image\" \/>\n<script type=\"application\/ld+json\" class=\"yoast-schema-graph\">{\"@context\":\"https:\/\/schema.org\",\"@graph\":[{\"@type\":\"WebPage\",\"@id\":\"https:\/\/grupo30.com\/carrito\/\",\"url\":\"https:\/\/grupo30.com\/carrito\/\",\"name\":\"Carrito - Grupo30\",\"isPartOf\":{\"@id\":\"https:\/\/grupo30.com\/#website\"},\"datePublished\":\"2025-11-09T01:19:03+00:00\",\"dateModified\":\"2025-11-21T17:09:38+00:00\",\"breadcrumb\":{\"@id\":\"https:\/\/grupo30.com\/carrito\/#breadcrumb\"},\"inLanguage\":\"en-US\",\"potentialAction\":[{\"@type\":\"ReadAction\",\"target\":[\"https:\/\/grupo30.com\/carrito\/\"]}]},{\"@type\":\"BreadcrumbList\",\"@id\":\"https:\/\/grupo30.com\/carrito\/#breadcrumb\",\"itemListElement\":[{\"@type\":\"ListItem\",\"position\":1,\"name\":\"Portada\",\"item\":\"https:\/\/grupo30.com\/\"},{\"@type\":\"ListItem\",\"position\":2,\"name\":\"Carrito\"}]},{\"@type\":\"WebSite\",\"@id\":\"https:\/\/grupo30.com\/#website\",\"url\":\"https:\/\/grupo30.com\/\",\"name\":\"grupo30.com\",\"description\":\"Agencia de Publicidad - Dise\u00f1o de P\u00e1ginas Web - SEO Local - Consultor\u00eda SEO Medell\u00edn - Pauta Publicitaria\",\"publisher\":{\"@id\":\"https:\/\/grupo30.com\/#organization\"},\"alternateName\":\"Agencia Digital Grupo30\",\"potentialAction\":[{\"@type\":\"SearchAction\",\"target\":{\"@type\":\"EntryPoint\",\"urlTemplate\":\"https:\/\/grupo30.com\/?s={search_term_string}\"},\"query-input\":{\"@type\":\"PropertyValueSpecification\",\"valueRequired\":true,\"valueName\":\"search_term_string\"}}],\"inLanguage\":\"en-US\"},{\"@type\":\"Organization\",\"@id\":\"https:\/\/grupo30.com\/#organization\",\"name\":\"Grupo30 Agencia de Dise\u00f1o web | Consultor SEO\",\"alternateName\":\"Dise\u00f1o de P\u00e1ginas Web, SEO Local, Consultor\u00eda SEO Medell\u00edn,\",\"url\":\"https:\/\/grupo30.com\/\",\"logo\":{\"@type\":\"ImageObject\",\"inLanguage\":\"en-US\",\"@id\":\"https:\/\/grupo30.com\/#\/schema\/logo\/image\/\",\"url\":\"https:\/\/grupo30.com\/sitio\/wp-content\/uploads\/2025\/10\/fa.png\",\"contentUrl\":\"https:\/\/grupo30.com\/sitio\/wp-content\/uploads\/2025\/10\/fa.png\",\"width\":2238,\"height\":2242,\"caption\":\"Grupo30 Agencia de Dise\u00f1o web | Consultor SEO\"},\"image\":{\"@id\":\"https:\/\/grupo30.com\/#\/schema\/logo\/image\/\"},\"sameAs\":[\"https:\/\/www.instagram.com\/grupo30agencia\/\"],\"email\":\"hola@grupo30.com\",\"telephone\":\"3232630000\",\"legalName\":\"Soluciones grupo30.com\",\"foundingDate\":\"2016-01-17\"}]}<\/script>\n<!-- \/ Yoast SEO Premium plugin. -->","yoast_head_json":{"title":"Carrito - Grupo30","robots":{"index":"index","follow":"follow","max-snippet":"max-snippet:-1","max-image-preview":"max-image-preview:large","max-video-preview":"max-video-preview:-1"},"canonical":"https:\/\/grupo30.com\/en\/carrito\/","og_locale":"en_US","og_type":"article","og_title":"Carrito","og_url":"https:\/\/grupo30.com\/en\/carrito\/","og_site_name":"Grupo30","article_modified_time":"2025-11-21T17:09:38+00:00","og_image":[{"width":2560,"height":1707,"url":"https:\/\/grupo30.com\/sitio\/wp-content\/uploads\/2025\/10\/atractiva-mujer-rizada-on-puntos-de-puente-rayas-un-lado-en-el-espacio-en-blanco-scaled.jpg","type":"image\/jpeg"}],"twitter_card":"summary_large_image","schema":{"@context":"https:\/\/schema.org","@graph":[{"@type":"WebPage","@id":"https:\/\/grupo30.com\/carrito\/","url":"https:\/\/grupo30.com\/carrito\/","name":"Carrito - Grupo30","isPartOf":{"@id":"https:\/\/grupo30.com\/#website"},"datePublished":"2025-11-09T01:19:03+00:00","dateModified":"2025-11-21T17:09:38+00:00","breadcrumb":{"@id":"https:\/\/grupo30.com\/carrito\/#breadcrumb"},"inLanguage":"en-US","potentialAction":[{"@type":"ReadAction","target":["https:\/\/grupo30.com\/carrito\/"]}]},{"@type":"BreadcrumbList","@id":"https:\/\/grupo30.com\/carrito\/#breadcrumb","itemListElement":[{"@type":"ListItem","position":1,"name":"Portada","item":"https:\/\/grupo30.com\/"},{"@type":"ListItem","position":2,"name":"Carrito"}]},{"@type":"WebSite","@id":"https:\/\/grupo30.com\/#website","url":"https:\/\/grupo30.com\/","name":"grupo30.com","description":"Agencia de Publicidad - Dise\u00f1o de P\u00e1ginas Web - SEO Local - Consultor\u00eda SEO Medell\u00edn - Pauta Publicitaria","publisher":{"@id":"https:\/\/grupo30.com\/#organization"},"alternateName":"Agencia Digital Grupo30","potentialAction":[{"@type":"SearchAction","target":{"@type":"EntryPoint","urlTemplate":"https:\/\/grupo30.com\/?s={search_term_string}"},"query-input":{"@type":"PropertyValueSpecification","valueRequired":true,"valueName":"search_term_string"}}],"inLanguage":"en-US"},{"@type":"Organization","@id":"https:\/\/grupo30.com\/#organization","name":"Grupo30 Agencia de Dise\u00f1o web | Consultor SEO","alternateName":"Dise\u00f1o de P\u00e1ginas Web, SEO Local, Consultor\u00eda SEO Medell\u00edn,","url":"https:\/\/grupo30.com\/","logo":{"@type":"ImageObject","inLanguage":"en-US","@id":"https:\/\/grupo30.com\/#\/schema\/logo\/image\/","url":"https:\/\/grupo30.com\/sitio\/wp-content\/uploads\/2025\/10\/fa.png","contentUrl":"https:\/\/grupo30.com\/sitio\/wp-content\/uploads\/2025\/10\/fa.png","width":2238,"height":2242,"caption":"Grupo30 Agencia de Dise\u00f1o web | Consultor SEO"},"image":{"@id":"https:\/\/grupo30.com\/#\/schema\/logo\/image\/"},"sameAs":["https:\/\/www.instagram.com\/grupo30agencia\/"],"email":"hola@grupo30.com","telephone":"3232630000","legalName":"Soluciones grupo30.com","foundingDate":"2016-01-17"}]}},"_links":{"self":[{"href":"https:\/\/grupo30.com\/en\/wp-json\/wp\/v2\/pages\/5035","targetHints":{"allow":["GET"]}}],"collection":[{"href":"https:\/\/grupo30.com\/en\/wp-json\/wp\/v2\/pages"}],"about":[{"href":"https:\/\/grupo30.com\/en\/wp-json\/wp\/v2\/types\/page"}],"author":[{"embeddable":true,"href":"https:\/\/grupo30.com\/en\/wp-json\/wp\/v2\/users\/1"}],"replies":[{"embeddable":true,"href":"https:\/\/grupo30.com\/en\/wp-json\/wp\/v2\/comments?post=5035"}],"version-history":[{"count":1,"href":"https:\/\/grupo30.com\/en\/wp-json\/wp\/v2\/pages\/5035\/revisions"}],"predecessor-version":[{"id":5520,"href":"https:\/\/grupo30.com\/en\/wp-json\/wp\/v2\/pages\/5035\/revisions\/5520"}],"wp:attachment":[{"href":"https:\/\/grupo30.com\/en\/wp-json\/wp\/v2\/media?parent=5035"}],"curies":[{"name":"wp","href":"https:\/\/api.w.org\/{rel}","templated":true}]}}