{"id":5496,"date":"2025-11-18T23:00:24","date_gmt":"2025-11-19T04:00:24","guid":{"rendered":"https:\/\/wemr1982.store\/?page_id=5496"},"modified":"2026-04-22T11:25:40","modified_gmt":"2026-04-22T16:25:40","slug":"pagos","status":"publish","type":"page","link":"https:\/\/grupo30.com\/en\/pagos\/","title":{"rendered":"Payments"},"content":{"rendered":"<p><div class=\"fusion-fullwidth fullwidth-box fusion-builder-row-1 fusion-flex-container has-pattern-background has-mask-background nonhundred-percent-fullwidth non-hundred-percent-height-scrolling\" style=\"--awb-border-radius-top-left:0px;--awb-border-radius-top-right:0px;--awb-border-radius-bottom-right:0px;--awb-border-radius-bottom-left:0px;--awb-flex-wrap:wrap;\" ><div class=\"fusion-builder-row fusion-row fusion-flex-align-items-flex-start fusion-flex-content-wrap\" style=\"max-width:1256.6px;margin-left: calc(-3% \/ 2 );margin-right: calc(-3% \/ 2 );\"><div class=\"fusion-layout-column fusion_builder_column fusion-builder-column-0 fusion_builder_column_1_5 1_5 fusion-flex-column fusion-flex-align-self-center\" style=\"--awb-bg-size:cover;--awb-width-large:20%;--awb-spacing-right-large:7.275%;--awb-margin-bottom-large:0px;--awb-spacing-left-large:7.275%;--awb-width-medium:20%;--awb-order-medium:0;--awb-spacing-right-medium:7.275%;--awb-spacing-left-medium:7.275%;--awb-width-small:100%;--awb-order-small:0;--awb-spacing-right-small:1.455%;--awb-spacing-left-small:1.455%;\" data-scroll-devices=\"small-visibility,medium-visibility,large-visibility\"><div class=\"fusion-column-wrapper fusion-column-has-shadow fusion-flex-justify-content-center fusion-content-layout-column\"><div style=\"text-align:left;\"><a class=\"fusion-button button-flat button-small button-custom fusion-button-default button-1 fusion-button-default-span fusion-button-default-type awb-b-icon-pos-right\" style=\"--button_accent_color:var(--awb-color1);--button_border_color:rgba(251,225,46,0);--button_accent_hover_color:var(--awb-color1);--button_border_hover_color:rgba(24,178,111,0);--button_border_width-top:2px;--button_border_width-right:2px;--button_border_width-bottom:2px;--button_border_width-left:2px;--button_gradient_top_color:var(--awb-color4);--button_gradient_bottom_color:var(--awb-color4);--button_gradient_top_color_hover:var(--awb-custom_color_1);--button_gradient_bottom_color_hover:var(--awb-custom_color_1);--button_typography-font-family:&quot;Bricolage Grotesque&quot;;--button_typography-font-style:normal;--button_typography-font-weight:200;--button_margin-top:30px;\" target=\"_blank\" rel=\"noopener noreferrer\" data-hover=\"icon_position\" href=\"https:\/\/checkout.wompi.co\/l\/n0cTn7\"><span class=\"fusion-button-text awb-button__text awb-button__text--default\">Pago en WO<\/span><i class=\"fa-credit-card far awb-button__icon awb-button__icon--default button-icon-right\" aria-hidden=\"true\"><\/i><i class=\"fa-credit-card far awb-button__icon awb-button__icon--default button-icon-right\" aria-hidden=\"true\"><\/i><\/a><\/div><div style=\"text-align:left;\"><a class=\"fusion-button button-flat button-small button-custom fusion-button-default button-2 fusion-button-default-span fusion-button-default-type awb-b-icon-pos-right\" style=\"--button_accent_color:var(--awb-color1);--button_border_color:rgba(251,225,46,0);--button_accent_hover_color:var(--awb-color1);--button_border_hover_color:rgba(24,178,111,0);--button_border_width-top:2px;--button_border_width-right:2px;--button_border_width-bottom:2px;--button_border_width-left:2px;--button_gradient_top_color:var(--awb-color4);--button_gradient_bottom_color:var(--awb-color4);--button_gradient_top_color_hover:var(--awb-custom_color_1);--button_gradient_bottom_color_hover:var(--awb-custom_color_1);--button_typography-font-family:&quot;Bricolage Grotesque&quot;;--button_typography-font-style:normal;--button_typography-font-weight:200;--button_margin-top:30px;\" target=\"_blank\" rel=\"noopener noreferrer\" data-hover=\"icon_position\" href=\"https:\/\/buy.stripe.com\/6oU7sL1FX66P8Fod6DeEo02\"><span class=\"fusion-button-text awb-button__text awb-button__text--default\">Pago en COP<\/span><i class=\"fa-credit-card far awb-button__icon awb-button__icon--default button-icon-right\" aria-hidden=\"true\"><\/i><i class=\"fa-credit-card far awb-button__icon awb-button__icon--default button-icon-right\" aria-hidden=\"true\"><\/i><\/a><\/div><div style=\"text-align:left;\"><a class=\"fusion-button button-flat button-small button-custom fusion-button-default button-3 fusion-button-default-span fusion-button-default-type awb-b-icon-pos-right\" style=\"--button_accent_color:var(--awb-color1);--button_border_color:rgba(251,225,46,0);--button_accent_hover_color:var(--awb-color1);--button_border_hover_color:rgba(24,178,111,0);--button_border_width-top:2px;--button_border_width-right:2px;--button_border_width-bottom:2px;--button_border_width-left:2px;--button_gradient_top_color:var(--awb-color4);--button_gradient_bottom_color:var(--awb-color4);--button_gradient_top_color_hover:var(--awb-custom_color_1);--button_gradient_bottom_color_hover:var(--awb-custom_color_1);--button_typography-font-family:&quot;Bricolage Grotesque&quot;;--button_typography-font-style:normal;--button_typography-font-weight:200;--button_margin-top:30px;\" target=\"_blank\" rel=\"noopener noreferrer\" data-hover=\"icon_position\" href=\"https:\/\/buy.stripe.com\/bJeeVdfwNcvddZI3w3eEo04\"><span class=\"fusion-button-text awb-button__text awb-button__text--default\">Pago en EUR<\/span><i class=\"fa-credit-card far awb-button__icon awb-button__icon--default button-icon-right\" aria-hidden=\"true\"><\/i><i class=\"fa-credit-card far awb-button__icon awb-button__icon--default button-icon-right\" aria-hidden=\"true\"><\/i><\/a><\/div><div style=\"text-align:left;\"><a class=\"fusion-button button-flat button-small button-custom fusion-button-default button-4 fusion-button-default-span fusion-button-default-type awb-b-icon-pos-right\" style=\"--button_accent_color:var(--awb-color1);--button_border_color:rgba(251,225,46,0);--button_accent_hover_color:var(--awb-color1);--button_border_hover_color:rgba(24,178,111,0);--button_border_width-top:2px;--button_border_width-right:2px;--button_border_width-bottom:2px;--button_border_width-left:2px;--button_gradient_top_color:var(--awb-color4);--button_gradient_bottom_color:var(--awb-color4);--button_gradient_top_color_hover:var(--awb-custom_color_1);--button_gradient_bottom_color_hover:var(--awb-custom_color_1);--button_typography-font-family:&quot;Bricolage Grotesque&quot;;--button_typography-font-style:normal;--button_typography-font-weight:200;--button_margin-top:30px;\" target=\"_blank\" rel=\"noopener noreferrer\" data-hover=\"icon_position\" href=\"https:\/\/buy.stripe.com\/3cI9ATdoFfHpdZI2rZeEo03\"><span class=\"fusion-button-text awb-button__text awb-button__text--default\">Pago en USD<\/span><i class=\"fa-credit-card far awb-button__icon awb-button__icon--default button-icon-right\" aria-hidden=\"true\"><\/i><i class=\"fa-credit-card far awb-button__icon awb-button__icon--default button-icon-right\" aria-hidden=\"true\"><\/i><\/a><\/div><\/div><\/div><div class=\"fusion-layout-column fusion_builder_column fusion-builder-column-1 fusion_builder_column_4_5 4_5 fusion-flex-column\" style=\"--awb-overflow:hidden;--awb-bg-size:cover;--awb-border-radius:20px 20px 20px 20px;--awb-width-large:80%;--awb-spacing-right-large:1.81875%;--awb-margin-bottom-large:0px;--awb-spacing-left-large:1.81875%;--awb-width-medium:80%;--awb-order-medium:0;--awb-spacing-right-medium:1.81875%;--awb-spacing-left-medium:1.81875%;--awb-width-small:100%;--awb-order-small:0;--awb-spacing-right-small:1.455%;--awb-spacing-left-small:1.455%;\" data-scroll-devices=\"small-visibility,medium-visibility,large-visibility\"><div class=\"fusion-column-wrapper fusion-column-has-shadow fusion-flex-justify-content-flex-start fusion-content-layout-column\"><div class=\"fusion-image-element\" style=\"--awb-caption-title-font-family:var(--h2_typography-font-family);--awb-caption-title-font-weight:var(--h2_typography-font-weight);--awb-caption-title-font-style:var(--h2_typography-font-style);--awb-caption-title-size:var(--h2_typography-font-size);--awb-caption-title-transform:var(--h2_typography-text-transform);--awb-caption-title-line-height:var(--h2_typography-line-height);--awb-caption-title-letter-spacing:var(--h2_typography-letter-spacing);\"><span class=\"fusion-imageframe imageframe-none imageframe-1 hover-type-none\"><img decoding=\"async\" width=\"1800\" height=\"721\" title=\"f\" src=\"https:\/\/grupo30.com\/sitio\/wp-content\/uploads\/2025\/11\/f.jpg\" data-orig-src=\"https:\/\/grupo30.com\/sitio\/wp-content\/uploads\/2025\/11\/f.jpg\" alt class=\"lazyload img-responsive wp-image-5002\" srcset=\"data:image\/svg+xml,%3Csvg%20xmlns%3D%27http%3A%2F%2Fwww.w3.org%2F2000%2Fsvg%27%20width%3D%271800%27%20height%3D%27721%27%20viewBox%3D%270%200%201800%20721%27%3E%3Crect%20width%3D%271800%27%20height%3D%27721%27%20fill-opacity%3D%220%22%2F%3E%3C%2Fsvg%3E\" data-srcset=\"https:\/\/grupo30.com\/sitio\/wp-content\/uploads\/2025\/11\/f-200x80.jpg 200w, https:\/\/grupo30.com\/sitio\/wp-content\/uploads\/2025\/11\/f-400x160.jpg 400w, https:\/\/grupo30.com\/sitio\/wp-content\/uploads\/2025\/11\/f-600x240.jpg 600w, https:\/\/grupo30.com\/sitio\/wp-content\/uploads\/2025\/11\/f-800x320.jpg 800w, https:\/\/grupo30.com\/sitio\/wp-content\/uploads\/2025\/11\/f-1200x481.jpg 1200w, https:\/\/grupo30.com\/sitio\/wp-content\/uploads\/2025\/11\/f.jpg 1800w\" data-sizes=\"auto\" data-orig-sizes=\"(max-width: 820px) 100vw, 1200px\" \/><\/span><\/div><\/div><\/div><\/div><\/div><div class=\"fusion-fullwidth fullwidth-box fusion-builder-row-2 fusion-flex-container has-pattern-background has-mask-background nonhundred-percent-fullwidth non-hundred-percent-height-scrolling\" style=\"--awb-border-radius-top-left:0px;--awb-border-radius-top-right:0px;--awb-border-radius-bottom-right:0px;--awb-border-radius-bottom-left:0px;--awb-padding-top:36px;--awb-padding-bottom:26px;--awb-flex-wrap:wrap;\" ><div class=\"fusion-builder-row fusion-row fusion-flex-align-items-flex-start fusion-flex-content-wrap\" style=\"max-width:1256.6px;margin-left: calc(-3% \/ 2 );margin-right: calc(-3% \/ 2 );\"><div class=\"fusion-layout-column fusion_builder_column fusion-builder-column-2 fusion_builder_column_2_3 2_3 fusion-flex-column fusion-flex-align-self-center\" style=\"--awb-bg-size:cover;--awb-width-large:66.666666666667%;--awb-spacing-right-large:2.1825%;--awb-margin-bottom-large:0px;--awb-spacing-left-large:2.1825%;--awb-width-medium:66.666666666667%;--awb-order-medium:0;--awb-spacing-right-medium:2.1825%;--awb-spacing-left-medium:2.1825%;--awb-width-small:100%;--awb-order-small:0;--awb-spacing-right-small:1.455%;--awb-spacing-left-small:1.455%;\"><div class=\"fusion-column-wrapper fusion-column-has-shadow fusion-flex-justify-content-flex-start fusion-content-layout-column\"><div class=\"fusion-title title fusion-title-1 fusion-sep-none fusion-title-text fusion-title-size-three\" style=\"--awb-margin-right:80px;--awb-margin-bottom:0px;--awb-margin-top-small:10px;--awb-margin-right-small:0px;--awb-margin-bottom-small:24px;--awb-margin-left-small:0px;\"><h3 class=\"fusion-title-heading title-heading-left sm-text-align-center fusion-responsive-typography-calculated\" style=\"margin:0;text-transform:none;--fontSize:33;line-height:var(--awb-typography1-line-height);\">Elige tu moneda y realiza tu pago de forma r\u00e1pida y segura con <span style=\"color: #f53817;\">grupo30.com<\/span><\/h3><\/div><\/div><\/div><div class=\"fusion-layout-column fusion_builder_column fusion-builder-column-3 fusion_builder_column_1_3 1_3 fusion-flex-column fusion-flex-align-self-stretch\" style=\"--awb-bg-size:cover;--awb-width-large:33.333333333333%;--awb-spacing-right-large:4.365%;--awb-margin-bottom-large:0px;--awb-spacing-left-large:4.365%;--awb-width-medium:33.333333333333%;--awb-order-medium:0;--awb-spacing-right-medium:4.365%;--awb-spacing-left-medium:4.365%;--awb-width-small:100%;--awb-order-small:0;--awb-spacing-right-small:1.455%;--awb-spacing-left-small:1.455%;\"><div class=\"fusion-column-wrapper fusion-column-has-shadow fusion-flex-justify-content-flex-start fusion-content-layout-column\"><i class=\"fb-icon-element-1 fb-icon-element fontawesome-icon awb-recruitment-arrow-btn circle-no fusion-no-small-visibility icon-rotate\" style=\"--awb-iconcolor:#f42400;--awb-iconcolor-hover:#000000;--awb-font-size:200px;--awb-margin-top:0;--awb-margin-right:0;--awb-margin-bottom:0;--awb-margin-left:0;--awb-align-self:center;\"><\/i><\/div><\/div><\/div><\/div><\/p>","protected":false},"excerpt":{"rendered":"","protected":false},"author":1,"featured_media":0,"parent":0,"menu_order":0,"comment_status":"closed","ping_status":"closed","template":"100-width.php","meta":{"_acf_changed":false,"footnotes":""},"class_list":["post-5496","page","type-page","status-publish","hentry"],"acf":[],"yoast_head":"<!-- This site is optimized with the Yoast SEO Premium plugin v26.9 (Yoast SEO v26.9) - https:\/\/yoast.com\/product\/yoast-seo-premium-wordpress\/ -->\n<title>Pagos de nuestros servicios - Grupo30<\/title>\n<meta name=\"description\" content=\"Pago en WO Pago en COP Pago en EUR Pago en USD Elige tu moneda y realiza tu pago de forma r\u00e1pida y segura con grupo30.\" \/>\n<meta name=\"robots\" content=\"index, follow, max-snippet:-1, max-image-preview:large, max-video-preview:-1\" \/>\n<link rel=\"canonical\" href=\"https:\/\/grupo30.com\/en\/pagos\/\" \/>\n<meta property=\"og:locale\" content=\"en_US\" \/>\n<meta property=\"og:type\" content=\"article\" \/>\n<meta property=\"og:title\" content=\"Pagos\" \/>\n<meta property=\"og:description\" content=\"Pago en WO Pago en COP Pago en EUR Pago en USD Elige tu moneda y realiza tu pago de forma r\u00e1pida y segura con grupo30.\" \/>\n<meta property=\"og:url\" content=\"https:\/\/grupo30.com\/en\/pagos\/\" \/>\n<meta property=\"og:site_name\" content=\"Grupo30\" \/>\n<meta property=\"article:modified_time\" content=\"2026-04-22T16:25:40+00:00\" \/>\n<meta property=\"og:image\" content=\"https:\/\/grupo30.com\/sitio\/wp-content\/uploads\/2025\/10\/atractiva-mujer-rizada-on-puntos-de-puente-rayas-un-lado-en-el-espacio-en-blanco-scaled.jpg\" \/>\n\t<meta property=\"og:image:width\" content=\"2560\" \/>\n\t<meta property=\"og:image:height\" content=\"1707\" \/>\n\t<meta property=\"og:image:type\" content=\"image\/jpeg\" \/>\n<meta name=\"twitter:card\" content=\"summary_large_image\" \/>\n<meta name=\"twitter:label1\" content=\"Est. reading time\" \/>\n\t<meta name=\"twitter:data1\" content=\"1 minute\" \/>\n<script type=\"application\/ld+json\" class=\"yoast-schema-graph\">{\"@context\":\"https:\/\/schema.org\",\"@graph\":[{\"@type\":\"WebPage\",\"@id\":\"https:\/\/grupo30.com\/pagos\/\",\"url\":\"https:\/\/grupo30.com\/pagos\/\",\"name\":\"Pagos de nuestros servicios - Grupo30\",\"isPartOf\":{\"@id\":\"https:\/\/grupo30.com\/#website\"},\"datePublished\":\"2025-11-19T04:00:24+00:00\",\"dateModified\":\"2026-04-22T16:25:40+00:00\",\"description\":\"Pago en WO Pago en COP Pago en EUR Pago en USD Elige tu moneda y realiza tu pago de forma r\u00e1pida y segura con grupo30.\",\"breadcrumb\":{\"@id\":\"https:\/\/grupo30.com\/pagos\/#breadcrumb\"},\"inLanguage\":\"en-US\",\"potentialAction\":[{\"@type\":\"ReadAction\",\"target\":[\"https:\/\/grupo30.com\/pagos\/\"]}]},{\"@type\":\"BreadcrumbList\",\"@id\":\"https:\/\/grupo30.com\/pagos\/#breadcrumb\",\"itemListElement\":[{\"@type\":\"ListItem\",\"position\":1,\"name\":\"Portada\",\"item\":\"https:\/\/grupo30.com\/\"},{\"@type\":\"ListItem\",\"position\":2,\"name\":\"Pagos\"}]},{\"@type\":\"WebSite\",\"@id\":\"https:\/\/grupo30.com\/#website\",\"url\":\"https:\/\/grupo30.com\/\",\"name\":\"grupo30.com\",\"description\":\"Agencia de Publicidad - Dise\u00f1o de P\u00e1ginas Web - SEO Local - Consultor\u00eda SEO Medell\u00edn - Pauta Publicitaria\",\"publisher\":{\"@id\":\"https:\/\/grupo30.com\/#organization\"},\"alternateName\":\"Agencia Digital Grupo30\",\"potentialAction\":[{\"@type\":\"SearchAction\",\"target\":{\"@type\":\"EntryPoint\",\"urlTemplate\":\"https:\/\/grupo30.com\/?s={search_term_string}\"},\"query-input\":{\"@type\":\"PropertyValueSpecification\",\"valueRequired\":true,\"valueName\":\"search_term_string\"}}],\"inLanguage\":\"en-US\"},{\"@type\":\"Organization\",\"@id\":\"https:\/\/grupo30.com\/#organization\",\"name\":\"Grupo30 Agencia de Dise\u00f1o web | Consultor SEO\",\"alternateName\":\"Dise\u00f1o de P\u00e1ginas Web, SEO Local, Consultor\u00eda SEO Medell\u00edn,\",\"url\":\"https:\/\/grupo30.com\/\",\"logo\":{\"@type\":\"ImageObject\",\"inLanguage\":\"en-US\",\"@id\":\"https:\/\/grupo30.com\/#\/schema\/logo\/image\/\",\"url\":\"https:\/\/grupo30.com\/sitio\/wp-content\/uploads\/2025\/10\/fa.png\",\"contentUrl\":\"https:\/\/grupo30.com\/sitio\/wp-content\/uploads\/2025\/10\/fa.png\",\"width\":2238,\"height\":2242,\"caption\":\"Grupo30 Agencia de Dise\u00f1o web | Consultor SEO\"},\"image\":{\"@id\":\"https:\/\/grupo30.com\/#\/schema\/logo\/image\/\"},\"sameAs\":[\"https:\/\/www.instagram.com\/grupo30agencia\/\"],\"email\":\"hola@grupo30.com\",\"telephone\":\"3232630000\",\"legalName\":\"Soluciones grupo30.com\",\"foundingDate\":\"2016-01-17\"}]}<\/script>\n<!-- \/ Yoast SEO Premium plugin. -->","yoast_head_json":{"title":"Pagos de nuestros servicios - Grupo30","description":"Pago en WO Pago en COP Pago en EUR Pago en USD Elige tu moneda y realiza tu pago de forma r\u00e1pida y segura con grupo30.","robots":{"index":"index","follow":"follow","max-snippet":"max-snippet:-1","max-image-preview":"max-image-preview:large","max-video-preview":"max-video-preview:-1"},"canonical":"https:\/\/grupo30.com\/en\/pagos\/","og_locale":"en_US","og_type":"article","og_title":"Pagos","og_description":"Pago en WO Pago en COP Pago en EUR Pago en USD Elige tu moneda y realiza tu pago de forma r\u00e1pida y segura con grupo30.","og_url":"https:\/\/grupo30.com\/en\/pagos\/","og_site_name":"Grupo30","article_modified_time":"2026-04-22T16:25:40+00:00","og_image":[{"width":2560,"height":1707,"url":"https:\/\/grupo30.com\/sitio\/wp-content\/uploads\/2025\/10\/atractiva-mujer-rizada-on-puntos-de-puente-rayas-un-lado-en-el-espacio-en-blanco-scaled.jpg","type":"image\/jpeg"}],"twitter_card":"summary_large_image","twitter_misc":{"Est. reading time":"1 minute"},"schema":{"@context":"https:\/\/schema.org","@graph":[{"@type":"WebPage","@id":"https:\/\/grupo30.com\/pagos\/","url":"https:\/\/grupo30.com\/pagos\/","name":"Pagos de nuestros servicios - Grupo30","isPartOf":{"@id":"https:\/\/grupo30.com\/#website"},"datePublished":"2025-11-19T04:00:24+00:00","dateModified":"2026-04-22T16:25:40+00:00","description":"Pago en WO Pago en COP Pago en EUR Pago en USD Elige tu moneda y realiza tu pago de forma r\u00e1pida y segura con grupo30.","breadcrumb":{"@id":"https:\/\/grupo30.com\/pagos\/#breadcrumb"},"inLanguage":"en-US","potentialAction":[{"@type":"ReadAction","target":["https:\/\/grupo30.com\/pagos\/"]}]},{"@type":"BreadcrumbList","@id":"https:\/\/grupo30.com\/pagos\/#breadcrumb","itemListElement":[{"@type":"ListItem","position":1,"name":"Portada","item":"https:\/\/grupo30.com\/"},{"@type":"ListItem","position":2,"name":"Pagos"}]},{"@type":"WebSite","@id":"https:\/\/grupo30.com\/#website","url":"https:\/\/grupo30.com\/","name":"grupo30.com","description":"Agencia de Publicidad - Dise\u00f1o de P\u00e1ginas Web - SEO Local - Consultor\u00eda SEO Medell\u00edn - Pauta Publicitaria","publisher":{"@id":"https:\/\/grupo30.com\/#organization"},"alternateName":"Agencia Digital Grupo30","potentialAction":[{"@type":"SearchAction","target":{"@type":"EntryPoint","urlTemplate":"https:\/\/grupo30.com\/?s={search_term_string}"},"query-input":{"@type":"PropertyValueSpecification","valueRequired":true,"valueName":"search_term_string"}}],"inLanguage":"en-US"},{"@type":"Organization","@id":"https:\/\/grupo30.com\/#organization","name":"Grupo30 Agencia de Dise\u00f1o web | Consultor SEO","alternateName":"Dise\u00f1o de P\u00e1ginas Web, SEO Local, Consultor\u00eda SEO Medell\u00edn,","url":"https:\/\/grupo30.com\/","logo":{"@type":"ImageObject","inLanguage":"en-US","@id":"https:\/\/grupo30.com\/#\/schema\/logo\/image\/","url":"https:\/\/grupo30.com\/sitio\/wp-content\/uploads\/2025\/10\/fa.png","contentUrl":"https:\/\/grupo30.com\/sitio\/wp-content\/uploads\/2025\/10\/fa.png","width":2238,"height":2242,"caption":"Grupo30 Agencia de Dise\u00f1o web | Consultor SEO"},"image":{"@id":"https:\/\/grupo30.com\/#\/schema\/logo\/image\/"},"sameAs":["https:\/\/www.instagram.com\/grupo30agencia\/"],"email":"hola@grupo30.com","telephone":"3232630000","legalName":"Soluciones grupo30.com","foundingDate":"2016-01-17"}]}},"_links":{"self":[{"href":"https:\/\/grupo30.com\/en\/wp-json\/wp\/v2\/pages\/5496","targetHints":{"allow":["GET"]}}],"collection":[{"href":"https:\/\/grupo30.com\/en\/wp-json\/wp\/v2\/pages"}],"about":[{"href":"https:\/\/grupo30.com\/en\/wp-json\/wp\/v2\/types\/page"}],"author":[{"embeddable":true,"href":"https:\/\/grupo30.com\/en\/wp-json\/wp\/v2\/users\/1"}],"replies":[{"embeddable":true,"href":"https:\/\/grupo30.com\/en\/wp-json\/wp\/v2\/comments?post=5496"}],"version-history":[{"count":20,"href":"https:\/\/grupo30.com\/en\/wp-json\/wp\/v2\/pages\/5496\/revisions"}],"predecessor-version":[{"id":5519,"href":"https:\/\/grupo30.com\/en\/wp-json\/wp\/v2\/pages\/5496\/revisions\/5519"}],"wp:attachment":[{"href":"https:\/\/grupo30.com\/en\/wp-json\/wp\/v2\/media?parent=5496"}],"curies":[{"name":"wp","href":"https:\/\/api.w.org\/{rel}","templated":true}]}}